{"id":5160,"date":"2026-02-16T18:04:20","date_gmt":"2026-02-16T17:04:20","guid":{"rendered":"https:\/\/www.hotel-weisseslamm.de\/accessibility-statement\/"},"modified":"2026-03-02T13:44:44","modified_gmt":"2026-03-02T12:44:44","slug":"accessibility-statement","status":"publish","type":"page","link":"https:\/\/www.hotel-weisseslamm.de\/en\/accessibility-statement\/","title":{"rendered":"Erkl\u00e4rung zur Barrierefreiheit"},"content":{"rendered":"<div data-elementor-type=\"wp-page\" data-elementor-id=\"5160\" class=\"elementor elementor-5160\" data-elementor-post-type=\"page\">\n\t\t\t\t\t\t<section class=\"elementor-section elementor-top-section elementor-element elementor-element-78b3aba8 elementor-section-boxed elementor-section-height-default elementor-section-height-default\" data-id=\"78b3aba8\" data-element_type=\"section\" data-e-type=\"section\">\n\t\t\t\t\t\t<div class=\"elementor-container elementor-column-gap-default\">\n\t\t\t\t\t<div class=\"elementor-column elementor-col-100 elementor-top-column elementor-element elementor-element-20b84c48\" data-id=\"20b84c48\" data-element_type=\"column\" data-e-type=\"column\">\n\t\t\t<div class=\"elementor-widget-wrap elementor-element-populated\">\n\t\t\t\t\t\t<div class=\"elementor-element elementor-element-11fa173 elementor-widget elementor-widget-heading\" data-id=\"11fa173\" data-element_type=\"widget\" data-e-type=\"widget\" data-widget_type=\"heading.default\">\n\t\t\t\t<div class=\"elementor-widget-container\">\n\t\t\t\t\t<h2 class=\"elementor-heading-title elementor-size-default\">Erkl\u00e4rung zur Barrierefreiheit<\/h2>\t\t\t\t<\/div>\n\t\t\t\t<\/div>\n\t\t\t\t<div class=\"elementor-element elementor-element-62122669 elementor-widget elementor-widget-text-editor\" data-id=\"62122669\" data-element_type=\"widget\" data-e-type=\"widget\" data-widget_type=\"text-editor.default\">\n\t\t\t\t<div class=\"elementor-widget-container\">\n\t\t\t\t\t\t\t\t\t<p>Erkl\u00e4rung zur Barrierefreiheit f\u00fcr https:\/\/www.hotel-weisseslamm.de\/<br \/>Jochen Schwab Landgasthof Weisses Lamm setzt sich f\u00fcr die digitale Barrierefreiheit f\u00fcr Menschen mit Behinderungen ein. Wir verbessern kontinuierlich die Benutzerfreundlichkeit f\u00fcr alle und wenden die relevanten Standards f\u00fcr Barrierefreiheit an.<\/p>\n<p>Konformit\u00e4tsstatus<br \/>Die Web Content Accessibility Guidelines (WCAG) definieren Anforderungen an Designer und Entwickler, um die Barrierefreiheit f\u00fcr Menschen mit Behinderungen zu verbessern. Sie definieren drei Konformit\u00e4tsstufen: Stufe A, Stufe AA und Stufe AAA.<\/p>\n<p>Jochen Schwab Landgasthof Weisses Lamm ist st\u00e4ndig bem\u00fcht, die Barrierefreiheit seiner Website und seiner Dienste zu verbessern, da wir der \u00dcberzeugung sind, dass es unsere gemeinsame moralische Verpflichtung ist, Menschen mit Behinderungen eine nahtlose, barrierefreie und ungehinderte Nutzung zu erm\u00f6glichen.<\/p>\n<p>Wir sind bestrebt, alle Seiten und Inhalte auf https:\/\/www.hotel-weisseslamm.de\/ barrierefrei zu gestalten, jedoch entsprechen einige Inhalte m\u00f6glicherweise noch nicht vollst\u00e4ndig den h\u00f6chsten Barrierefreiheitsstandards. Dies kann daran liegen, dass es schwierig ist, die am besten geeignete technologische L\u00f6sung zu finden.<\/p>\n<p>Wir behalten uns vor, diese Erkl\u00e4rung regelm\u00e4\u00dfig zu \u00fcberarbeiten, um Verbesserungen oder \u00c4nderungen unserer Barrierefreiheitspraktiken Rechnung zu tragen.<\/p>\n<p>Feedback<br \/>Wir freuen uns \u00fcber Ihr Feedback zur Barrierefreiheit der Website des Jochen Schwab Landgasthof Weisses Lamm. Bitte teilen Sie uns mit, wenn Sie auf unserer Website auf Barrieren sto\u00dfen:<\/p>\n<p>E-Mail: kontakt@hotel-weisseslamm.de<\/p>\n<p>Wir bem\u00fchen uns, innerhalb von 3\u20135 Werktagen auf Ihr Feedback zu antworten.<\/p>\n<p>Diese Erkl\u00e4rung wurde am 16.2 erstellt.<\/p>\t\t\t\t\t\t\t\t<\/div>\n\t\t\t\t<\/div>\n\t\t\t\t\t<\/div>\n\t\t<\/div>\n\t\t\t\t\t<\/div>\n\t\t<\/section>\n\t\t\t\t<\/div>","protected":false},"excerpt":{"rendered":"<p>Erkl\u00e4rung zur Barrierefreiheit Erkl\u00e4rung zur Barrierefreiheit f\u00fcr https:\/\/www.hotel-weisseslamm.de\/Jochen Schwab Landgasthof Weisses Lamm setzt sich f\u00fcr die digitale Barrierefreiheit f\u00fcr Menschen mit Behinderungen ein. Wir verbessern kontinuierlich die Benutzerfreundlichkeit f\u00fcr alle und wenden die relevanten Standards f\u00fcr Barrierefreiheit an. Konformit\u00e4tsstatusDie Web Content Accessibility Guidelines (WCAG) definieren Anforderungen an Designer und Entwickler, um die Barrierefreiheit f\u00fcr Menschen [&hellip;]<\/p>\n","protected":false},"author":6,"featured_media":0,"parent":0,"menu_order":0,"comment_status":"closed","ping_status":"closed","template":"","meta":{"footnotes":""},"class_list":["post-5160","page","type-page","status-publish","hentry"],"yoast_head":"<!-- This site is optimized with the Yoast SEO plugin v27.4 - https:\/\/yoast.com\/product\/yoast-seo-wordpress\/ -->\n<title>Erkl\u00e4rung zur Barrierefreiheit - Landgasthof Weisses Lamm<\/title>\n<meta name=\"robots\" content=\"index, follow, max-snippet:-1, max-image-preview:large, max-video-preview:-1\" \/>\n<link rel=\"canonical\" href=\"https:\/\/www.hotel-weisseslamm.de\/en\/accessibility-statement\/\" \/>\n<meta property=\"og:locale\" content=\"en_GB\" \/>\n<meta property=\"og:type\" content=\"article\" \/>\n<meta property=\"og:title\" content=\"Erkl\u00e4rung zur Barrierefreiheit - Landgasthof Weisses Lamm\" \/>\n<meta property=\"og:description\" content=\"Erkl\u00e4rung zur Barrierefreiheit Erkl\u00e4rung zur Barrierefreiheit f\u00fcr https:\/\/www.hotel-weisseslamm.de\/Jochen Schwab Landgasthof Weisses Lamm setzt sich f\u00fcr die digitale Barrierefreiheit f\u00fcr Menschen mit Behinderungen ein. Wir verbessern kontinuierlich die Benutzerfreundlichkeit f\u00fcr alle und wenden die relevanten Standards f\u00fcr Barrierefreiheit an. Konformit\u00e4tsstatusDie Web Content Accessibility Guidelines (WCAG) definieren Anforderungen an Designer und Entwickler, um die Barrierefreiheit f\u00fcr Menschen [&hellip;]\" \/>\n<meta property=\"og:url\" content=\"https:\/\/www.hotel-weisseslamm.de\/en\/accessibility-statement\/\" \/>\n<meta property=\"og:site_name\" content=\"Landgasthof Weisses Lamm\" \/>\n<meta property=\"article:modified_time\" content=\"2026-03-02T12:44:44+00:00\" \/>\n<meta name=\"twitter:card\" content=\"summary_large_image\" \/>\n<meta name=\"twitter:label1\" content=\"Estimated reading time\" \/>\n\t<meta name=\"twitter:data1\" content=\"2 minutes\" \/>\n<script type=\"application\/ld+json\" class=\"yoast-schema-graph\">{\"@context\":\"https:\\\/\\\/schema.org\",\"@graph\":[{\"@type\":\"WebPage\",\"@id\":\"https:\\\/\\\/www.hotel-weisseslamm.de\\\/accessibility-statement\\\/\",\"url\":\"https:\\\/\\\/www.hotel-weisseslamm.de\\\/accessibility-statement\\\/\",\"name\":\"Erkl\u00e4rung zur Barrierefreiheit - Landgasthof Weisses Lamm\",\"isPartOf\":{\"@id\":\"https:\\\/\\\/www.hotel-weisseslamm.de\\\/#website\"},\"datePublished\":\"2026-02-16T17:04:20+00:00\",\"dateModified\":\"2026-03-02T12:44:44+00:00\",\"breadcrumb\":{\"@id\":\"https:\\\/\\\/www.hotel-weisseslamm.de\\\/accessibility-statement\\\/#breadcrumb\"},\"inLanguage\":\"en-GB\",\"potentialAction\":[{\"@type\":\"ReadAction\",\"target\":[\"https:\\\/\\\/www.hotel-weisseslamm.de\\\/accessibility-statement\\\/\"]}]},{\"@type\":\"BreadcrumbList\",\"@id\":\"https:\\\/\\\/www.hotel-weisseslamm.de\\\/accessibility-statement\\\/#breadcrumb\",\"itemListElement\":[{\"@type\":\"ListItem\",\"position\":1,\"name\":\"Startseite\",\"item\":\"https:\\\/\\\/www.hotel-weisseslamm.de\\\/\"},{\"@type\":\"ListItem\",\"position\":2,\"name\":\"Erkl\u00e4rung zur Barrierefreiheit\"}]},{\"@type\":\"WebSite\",\"@id\":\"https:\\\/\\\/www.hotel-weisseslamm.de\\\/#website\",\"url\":\"https:\\\/\\\/www.hotel-weisseslamm.de\\\/\",\"name\":\"Landgasthof Weisses Lamm\",\"description\":\"Fr\u00e4nkischer Landgasthof mit Tradition im Nuernberger Land\",\"publisher\":{\"@id\":\"https:\\\/\\\/www.hotel-weisseslamm.de\\\/#organization\"},\"potentialAction\":[{\"@type\":\"SearchAction\",\"target\":{\"@type\":\"EntryPoint\",\"urlTemplate\":\"https:\\\/\\\/www.hotel-weisseslamm.de\\\/?s={search_term_string}\"},\"query-input\":{\"@type\":\"PropertyValueSpecification\",\"valueRequired\":true,\"valueName\":\"search_term_string\"}}],\"inLanguage\":\"en-GB\"},{\"@type\":\"Organization\",\"@id\":\"https:\\\/\\\/www.hotel-weisseslamm.de\\\/#organization\",\"name\":\"Landgasthof Weisses Lamm\",\"url\":\"https:\\\/\\\/www.hotel-weisseslamm.de\\\/\",\"logo\":{\"@type\":\"ImageObject\",\"inLanguage\":\"en-GB\",\"@id\":\"https:\\\/\\\/www.hotel-weisseslamm.de\\\/#\\\/schema\\\/logo\\\/image\\\/\",\"url\":\"https:\\\/\\\/www.hotel-weisseslamm.de\\\/wp-content\\\/uploads\\\/2022\\\/09\\\/site-logo3.png\",\"contentUrl\":\"https:\\\/\\\/www.hotel-weisseslamm.de\\\/wp-content\\\/uploads\\\/2022\\\/09\\\/site-logo3.png\",\"width\":895,\"height\":186,\"caption\":\"Landgasthof Weisses Lamm\"},\"image\":{\"@id\":\"https:\\\/\\\/www.hotel-weisseslamm.de\\\/#\\\/schema\\\/logo\\\/image\\\/\"}}]}<\/script>\n<!-- \/ Yoast SEO plugin. -->","yoast_head_json":{"title":"Erkl\u00e4rung zur Barrierefreiheit - Landgasthof Weisses Lamm","robots":{"index":"index","follow":"follow","max-snippet":"max-snippet:-1","max-image-preview":"max-image-preview:large","max-video-preview":"max-video-preview:-1"},"canonical":"https:\/\/www.hotel-weisseslamm.de\/en\/accessibility-statement\/","og_locale":"en_GB","og_type":"article","og_title":"Erkl\u00e4rung zur Barrierefreiheit - Landgasthof Weisses Lamm","og_description":"Erkl\u00e4rung zur Barrierefreiheit Erkl\u00e4rung zur Barrierefreiheit f\u00fcr https:\/\/www.hotel-weisseslamm.de\/Jochen Schwab Landgasthof Weisses Lamm setzt sich f\u00fcr die digitale Barrierefreiheit f\u00fcr Menschen mit Behinderungen ein. Wir verbessern kontinuierlich die Benutzerfreundlichkeit f\u00fcr alle und wenden die relevanten Standards f\u00fcr Barrierefreiheit an. Konformit\u00e4tsstatusDie Web Content Accessibility Guidelines (WCAG) definieren Anforderungen an Designer und Entwickler, um die Barrierefreiheit f\u00fcr Menschen [&hellip;]","og_url":"https:\/\/www.hotel-weisseslamm.de\/en\/accessibility-statement\/","og_site_name":"Landgasthof Weisses Lamm","article_modified_time":"2026-03-02T12:44:44+00:00","twitter_card":"summary_large_image","twitter_misc":{"Estimated reading time":"2 minutes"},"schema":{"@context":"https:\/\/schema.org","@graph":[{"@type":"WebPage","@id":"https:\/\/www.hotel-weisseslamm.de\/accessibility-statement\/","url":"https:\/\/www.hotel-weisseslamm.de\/accessibility-statement\/","name":"Erkl\u00e4rung zur Barrierefreiheit - Landgasthof Weisses Lamm","isPartOf":{"@id":"https:\/\/www.hotel-weisseslamm.de\/#website"},"datePublished":"2026-02-16T17:04:20+00:00","dateModified":"2026-03-02T12:44:44+00:00","breadcrumb":{"@id":"https:\/\/www.hotel-weisseslamm.de\/accessibility-statement\/#breadcrumb"},"inLanguage":"en-GB","potentialAction":[{"@type":"ReadAction","target":["https:\/\/www.hotel-weisseslamm.de\/accessibility-statement\/"]}]},{"@type":"BreadcrumbList","@id":"https:\/\/www.hotel-weisseslamm.de\/accessibility-statement\/#breadcrumb","itemListElement":[{"@type":"ListItem","position":1,"name":"Startseite","item":"https:\/\/www.hotel-weisseslamm.de\/"},{"@type":"ListItem","position":2,"name":"Erkl\u00e4rung zur Barrierefreiheit"}]},{"@type":"WebSite","@id":"https:\/\/www.hotel-weisseslamm.de\/#website","url":"https:\/\/www.hotel-weisseslamm.de\/","name":"Landgasthof Weisses Lamm","description":"Fr\u00e4nkischer Landgasthof mit Tradition im Nuernberger Land","publisher":{"@id":"https:\/\/www.hotel-weisseslamm.de\/#organization"},"potentialAction":[{"@type":"SearchAction","target":{"@type":"EntryPoint","urlTemplate":"https:\/\/www.hotel-weisseslamm.de\/?s={search_term_string}"},"query-input":{"@type":"PropertyValueSpecification","valueRequired":true,"valueName":"search_term_string"}}],"inLanguage":"en-GB"},{"@type":"Organization","@id":"https:\/\/www.hotel-weisseslamm.de\/#organization","name":"Landgasthof Weisses Lamm","url":"https:\/\/www.hotel-weisseslamm.de\/","logo":{"@type":"ImageObject","inLanguage":"en-GB","@id":"https:\/\/www.hotel-weisseslamm.de\/#\/schema\/logo\/image\/","url":"https:\/\/www.hotel-weisseslamm.de\/wp-content\/uploads\/2022\/09\/site-logo3.png","contentUrl":"https:\/\/www.hotel-weisseslamm.de\/wp-content\/uploads\/2022\/09\/site-logo3.png","width":895,"height":186,"caption":"Landgasthof Weisses Lamm"},"image":{"@id":"https:\/\/www.hotel-weisseslamm.de\/#\/schema\/logo\/image\/"}}]}},"_links":{"self":[{"href":"https:\/\/www.hotel-weisseslamm.de\/en\/wp-json\/wp\/v2\/pages\/5160","targetHints":{"allow":["GET"]}}],"collection":[{"href":"https:\/\/www.hotel-weisseslamm.de\/en\/wp-json\/wp\/v2\/pages"}],"about":[{"href":"https:\/\/www.hotel-weisseslamm.de\/en\/wp-json\/wp\/v2\/types\/page"}],"author":[{"embeddable":true,"href":"https:\/\/www.hotel-weisseslamm.de\/en\/wp-json\/wp\/v2\/users\/6"}],"replies":[{"embeddable":true,"href":"https:\/\/www.hotel-weisseslamm.de\/en\/wp-json\/wp\/v2\/comments?post=5160"}],"version-history":[{"count":10,"href":"https:\/\/www.hotel-weisseslamm.de\/en\/wp-json\/wp\/v2\/pages\/5160\/revisions"}],"predecessor-version":[{"id":5171,"href":"https:\/\/www.hotel-weisseslamm.de\/en\/wp-json\/wp\/v2\/pages\/5160\/revisions\/5171"}],"wp:attachment":[{"href":"https:\/\/www.hotel-weisseslamm.de\/en\/wp-json\/wp\/v2\/media?parent=5160"}],"curies":[{"name":"wp","href":"https:\/\/api.w.org\/{rel}","templated":true}]}}