{"id":4336,"date":"2024-03-01T10:18:34","date_gmt":"2024-03-01T09:18:34","guid":{"rendered":"https:\/\/www.hotel-weisseslamm.de\/?page_id=4336"},"modified":"2024-03-01T10:56:53","modified_gmt":"2024-03-01T09:56:53","slug":"nachhaltigkeit","status":"publish","type":"page","link":"https:\/\/www.hotel-weisseslamm.de\/en\/nachhaltigkeit\/","title":{"rendered":"Nachhaltigkeit"},"content":{"rendered":"<div data-elementor-type=\"wp-page\" data-elementor-id=\"4336\" class=\"elementor elementor-4336\" data-elementor-post-type=\"page\">\n\t\t\t\t\t\t<section class=\"elementor-section elementor-top-section elementor-element elementor-element-7a0cc8e1 elementor-section-full_width elementor-section-height-default elementor-section-height-default\" data-id=\"7a0cc8e1\" data-element_type=\"section\" data-e-type=\"section\" data-settings=\"{&quot;background_background&quot;:&quot;classic&quot;}\">\n\t\t\t\t\t\t\t<div class=\"elementor-background-overlay\"><\/div>\n\t\t\t\t\t\t\t<div class=\"elementor-container elementor-column-gap-default\">\n\t\t\t\t\t<div class=\"elementor-column elementor-col-100 elementor-top-column elementor-element elementor-element-46b8cbd8\" data-id=\"46b8cbd8\" data-element_type=\"column\" data-e-type=\"column\" data-settings=\"{&quot;background_background&quot;:&quot;classic&quot;}\">\n\t\t\t<div class=\"elementor-widget-wrap elementor-element-populated\">\n\t\t\t\t\t<div class=\"elementor-background-overlay\"><\/div>\n\t\t\t\t\t\t<div class=\"elementor-element elementor-element-38d644c5 elementor--h-position-center elementor--v-position-middle elementor-arrows-position-inside elementor-pagination-position-inside elementor-widget elementor-widget-slides\" data-id=\"38d644c5\" data-element_type=\"widget\" data-e-type=\"widget\" data-settings=\"{&quot;transition&quot;:&quot;fade&quot;,&quot;transition_speed&quot;:2500,&quot;navigation&quot;:&quot;both&quot;}\" data-widget_type=\"slides.default\">\n\t\t\t\t<div class=\"elementor-widget-container\">\n\t\t\t\t\t\t\t\t\t<div class=\"elementor-swiper\">\n\t\t\t\t\t<div class=\"elementor-slides-wrapper elementor-main-swiper swiper\" role=\"region\" aria-roledescription=\"carousel\" aria-label=\"Slides\" dir=\"ltr\" data-animation=\"fadeInUp\">\n\t\t\t\t<div class=\"swiper-wrapper elementor-slides\">\n\t\t\t\t\t\t\t\t\t\t<div class=\"elementor-repeater-item-4680601 swiper-slide\" role=\"group\" aria-roledescription=\"slide\"><div class=\"swiper-slide-bg\" role=\"img\" aria-label=\"Nachhaltigkeit\"><\/div><div class=\"swiper-slide-inner\" ><div class=\"swiper-slide-contents\"><\/div><\/div><\/div>\t\t\t\t<\/div>\n\t\t\t\t\t\t\t<\/div>\n\t\t\t\t<\/div>\n\t\t\t\t\t\t\t\t<\/div>\n\t\t\t\t<\/div>\n\t\t\t\t\t<\/div>\n\t\t<\/div>\n\t\t\t\t\t<\/div>\n\t\t<\/section>\n\t\t\t\t<section class=\"elementor-section elementor-top-section elementor-element elementor-element-78f60a44 elementor-section-boxed elementor-section-height-default elementor-section-height-default\" data-id=\"78f60a44\" data-element_type=\"section\" data-e-type=\"section\">\n\t\t\t\t\t\t<div class=\"elementor-container elementor-column-gap-default\">\n\t\t\t\t\t<div class=\"elementor-column elementor-col-100 elementor-top-column elementor-element elementor-element-3770f89a\" data-id=\"3770f89a\" data-element_type=\"column\" data-e-type=\"column\">\n\t\t\t<div class=\"elementor-widget-wrap elementor-element-populated\">\n\t\t\t\t\t\t<div class=\"elementor-element elementor-element-5345615a elementor-widget elementor-widget-text-editor\" data-id=\"5345615a\" data-element_type=\"widget\" data-e-type=\"widget\" data-settings=\"{&quot;_animation&quot;:&quot;none&quot;}\" data-widget_type=\"text-editor.default\">\n\t\t\t\t<div class=\"elementor-widget-container\">\n\t\t\t\t\t\t\t\t\t<h1>Nachhaltigkeit<\/h1>\t\t\t\t\t\t\t\t<\/div>\n\t\t\t\t<\/div>\n\t\t\t\t<section class=\"elementor-section elementor-inner-section elementor-element elementor-element-32300e3c elementor-section-boxed elementor-section-height-default elementor-section-height-default\" data-id=\"32300e3c\" data-element_type=\"section\" data-e-type=\"section\">\n\t\t\t\t\t\t<div class=\"elementor-container elementor-column-gap-default\">\n\t\t\t\t\t<div class=\"elementor-column elementor-col-100 elementor-inner-column elementor-element elementor-element-11e36c54\" data-id=\"11e36c54\" data-element_type=\"column\" data-e-type=\"column\">\n\t\t\t<div class=\"elementor-widget-wrap elementor-element-populated\">\n\t\t\t\t\t\t<div class=\"elementor-element elementor-element-c4ed7e9 elementor-widget elementor-widget-text-editor\" data-id=\"c4ed7e9\" data-element_type=\"widget\" data-e-type=\"widget\" data-widget_type=\"text-editor.default\">\n\t\t\t\t<div class=\"elementor-widget-container\">\n\t\t\t\t\t\t\t\t\t<p>Im Landgasthof Wei\u00dfes Lamm gehen Gastfreundschaft Hand in Hand mit Nachhaltigkeit. Bei uns stehen umweltbewusste Ma\u00dfnahmen im Mittelpunkt, die Ihren Aufenthalt nicht nur angenehm, sondern auch umweltfreundlich gestalten. Als Teil unseres Engagements f\u00fcr eine gr\u00fcnere Zukunft freuen wir uns, Ihnen unser nachhaltiges Konzept vorzustellen.<\/p>\t\t\t\t\t\t\t\t<\/div>\n\t\t\t\t<\/div>\n\t\t\t\t<div class=\"elementor-element elementor-element-f979cbc elementor-widget elementor-widget-text-editor\" data-id=\"f979cbc\" data-element_type=\"widget\" data-e-type=\"widget\" data-widget_type=\"text-editor.default\">\n\t\t\t\t<div class=\"elementor-widget-container\">\n\t\t\t\t\t\t\t\t\t<p><strong>\u232aZwei Elektro-Lades\u00e4ulen<\/strong><\/p><p>Unsere Bem\u00fchungen beginnen bereits bei Ihrer Anreise. Mit unseren zwei Elektro-Lades\u00e4ulen bieten wir Ihnen die M\u00f6glichkeit, Ihr Elektrofahrzeug w\u00e4hrend Ihres Aufenthaltes bei uns\u00a0 bequem und umweltfreundlich aufzuladen.<\/p><p><strong>\u232aW\u00e4rmer\u00fcckgewinnung &amp; Hackschnitzelheizung<\/strong><\/p><p>In unserem Landgasthof setzen wir auf innovative Heiztechnologien. Wir nutzen optimal Ressourcen durch unsere Hackschnitzelheizung und W\u00e4rmer\u00fcckgewinnung.<\/p><p><strong>\u232aBlockheizkraftwerk<\/strong><\/p><p>Zudem betreiben wir unser eigenes Blockheizkraftwerk zur Stromerzeugung, wodurch wir einen Gro\u00dfteil unseres Energiebedarfs vor Ort decken und gleichzeitig CO2-Emissionen minimieren.<\/p>\t\t\t\t\t\t\t\t<\/div>\n\t\t\t\t<\/div>\n\t\t\t\t\t<\/div>\n\t\t<\/div>\n\t\t\t\t\t<\/div>\n\t\t<\/section>\n\t\t\t\t\t<\/div>\n\t\t<\/div>\n\t\t\t\t\t<\/div>\n\t\t<\/section>\n\t\t\t\t<\/div>","protected":false},"excerpt":{"rendered":"<p>Nachhaltigkeit Im Landgasthof Wei\u00dfes Lamm gehen Gastfreundschaft Hand in Hand mit Nachhaltigkeit. Bei uns stehen umweltbewusste Ma\u00dfnahmen im Mittelpunkt, die Ihren Aufenthalt nicht nur angenehm, sondern auch umweltfreundlich gestalten. Als Teil unseres Engagements f\u00fcr eine gr\u00fcnere Zukunft freuen wir uns, Ihnen unser nachhaltiges Konzept vorzustellen. \u232aZwei Elektro-Lades\u00e4ulen Unsere Bem\u00fchungen beginnen bereits bei Ihrer Anreise. Mit [&hellip;]<\/p>\n","protected":false},"author":6,"featured_media":0,"parent":0,"menu_order":0,"comment_status":"closed","ping_status":"closed","template":"elementor_header_footer","meta":{"footnotes":""},"class_list":["post-4336","page","type-page","status-publish","hentry"],"yoast_head":"<!-- This site is optimized with the Yoast SEO plugin v27.4 - https:\/\/yoast.com\/product\/yoast-seo-wordpress\/ -->\n<title>Nachhaltigkeit - Landgasthof Weisses Lamm<\/title>\n<meta name=\"robots\" content=\"index, follow, max-snippet:-1, max-image-preview:large, max-video-preview:-1\" \/>\n<link rel=\"canonical\" href=\"https:\/\/www.hotel-weisseslamm.de\/en\/nachhaltigkeit\/\" \/>\n<meta property=\"og:locale\" content=\"en_GB\" \/>\n<meta property=\"og:type\" content=\"article\" \/>\n<meta property=\"og:title\" content=\"Nachhaltigkeit - Landgasthof Weisses Lamm\" \/>\n<meta property=\"og:description\" content=\"Nachhaltigkeit Im Landgasthof Wei\u00dfes Lamm gehen Gastfreundschaft Hand in Hand mit Nachhaltigkeit. Bei uns stehen umweltbewusste Ma\u00dfnahmen im Mittelpunkt, die Ihren Aufenthalt nicht nur angenehm, sondern auch umweltfreundlich gestalten. Als Teil unseres Engagements f\u00fcr eine gr\u00fcnere Zukunft freuen wir uns, Ihnen unser nachhaltiges Konzept vorzustellen. \u232aZwei Elektro-Lades\u00e4ulen Unsere Bem\u00fchungen beginnen bereits bei Ihrer Anreise. Mit [&hellip;]\" \/>\n<meta property=\"og:url\" content=\"https:\/\/www.hotel-weisseslamm.de\/en\/nachhaltigkeit\/\" \/>\n<meta property=\"og:site_name\" content=\"Landgasthof Weisses Lamm\" \/>\n<meta property=\"article:modified_time\" content=\"2024-03-01T09:56:53+00:00\" \/>\n<meta name=\"twitter:card\" content=\"summary_large_image\" \/>\n<meta name=\"twitter:label1\" content=\"Estimated reading time\" \/>\n\t<meta name=\"twitter:data1\" content=\"1 minute\" \/>\n<script type=\"application\/ld+json\" class=\"yoast-schema-graph\">{\"@context\":\"https:\\\/\\\/schema.org\",\"@graph\":[{\"@type\":\"WebPage\",\"@id\":\"https:\\\/\\\/www.hotel-weisseslamm.de\\\/nachhaltigkeit\\\/\",\"url\":\"https:\\\/\\\/www.hotel-weisseslamm.de\\\/nachhaltigkeit\\\/\",\"name\":\"Nachhaltigkeit - Landgasthof Weisses Lamm\",\"isPartOf\":{\"@id\":\"https:\\\/\\\/www.hotel-weisseslamm.de\\\/#website\"},\"datePublished\":\"2024-03-01T09:18:34+00:00\",\"dateModified\":\"2024-03-01T09:56:53+00:00\",\"breadcrumb\":{\"@id\":\"https:\\\/\\\/www.hotel-weisseslamm.de\\\/nachhaltigkeit\\\/#breadcrumb\"},\"inLanguage\":\"en-GB\",\"potentialAction\":[{\"@type\":\"ReadAction\",\"target\":[\"https:\\\/\\\/www.hotel-weisseslamm.de\\\/nachhaltigkeit\\\/\"]}]},{\"@type\":\"BreadcrumbList\",\"@id\":\"https:\\\/\\\/www.hotel-weisseslamm.de\\\/nachhaltigkeit\\\/#breadcrumb\",\"itemListElement\":[{\"@type\":\"ListItem\",\"position\":1,\"name\":\"Startseite\",\"item\":\"https:\\\/\\\/www.hotel-weisseslamm.de\\\/\"},{\"@type\":\"ListItem\",\"position\":2,\"name\":\"Nachhaltigkeit\"}]},{\"@type\":\"WebSite\",\"@id\":\"https:\\\/\\\/www.hotel-weisseslamm.de\\\/#website\",\"url\":\"https:\\\/\\\/www.hotel-weisseslamm.de\\\/\",\"name\":\"Landgasthof Weisses Lamm\",\"description\":\"Fr\u00e4nkischer Landgasthof mit Tradition im Nuernberger Land\",\"publisher\":{\"@id\":\"https:\\\/\\\/www.hotel-weisseslamm.de\\\/#organization\"},\"potentialAction\":[{\"@type\":\"SearchAction\",\"target\":{\"@type\":\"EntryPoint\",\"urlTemplate\":\"https:\\\/\\\/www.hotel-weisseslamm.de\\\/?s={search_term_string}\"},\"query-input\":{\"@type\":\"PropertyValueSpecification\",\"valueRequired\":true,\"valueName\":\"search_term_string\"}}],\"inLanguage\":\"en-GB\"},{\"@type\":\"Organization\",\"@id\":\"https:\\\/\\\/www.hotel-weisseslamm.de\\\/#organization\",\"name\":\"Landgasthof Weisses Lamm\",\"url\":\"https:\\\/\\\/www.hotel-weisseslamm.de\\\/\",\"logo\":{\"@type\":\"ImageObject\",\"inLanguage\":\"en-GB\",\"@id\":\"https:\\\/\\\/www.hotel-weisseslamm.de\\\/#\\\/schema\\\/logo\\\/image\\\/\",\"url\":\"https:\\\/\\\/www.hotel-weisseslamm.de\\\/wp-content\\\/uploads\\\/2022\\\/09\\\/site-logo3.png\",\"contentUrl\":\"https:\\\/\\\/www.hotel-weisseslamm.de\\\/wp-content\\\/uploads\\\/2022\\\/09\\\/site-logo3.png\",\"width\":895,\"height\":186,\"caption\":\"Landgasthof Weisses Lamm\"},\"image\":{\"@id\":\"https:\\\/\\\/www.hotel-weisseslamm.de\\\/#\\\/schema\\\/logo\\\/image\\\/\"}}]}<\/script>\n<!-- \/ Yoast SEO plugin. -->","yoast_head_json":{"title":"Nachhaltigkeit - Landgasthof Weisses Lamm","robots":{"index":"index","follow":"follow","max-snippet":"max-snippet:-1","max-image-preview":"max-image-preview:large","max-video-preview":"max-video-preview:-1"},"canonical":"https:\/\/www.hotel-weisseslamm.de\/en\/nachhaltigkeit\/","og_locale":"en_GB","og_type":"article","og_title":"Nachhaltigkeit - Landgasthof Weisses Lamm","og_description":"Nachhaltigkeit Im Landgasthof Wei\u00dfes Lamm gehen Gastfreundschaft Hand in Hand mit Nachhaltigkeit. Bei uns stehen umweltbewusste Ma\u00dfnahmen im Mittelpunkt, die Ihren Aufenthalt nicht nur angenehm, sondern auch umweltfreundlich gestalten. Als Teil unseres Engagements f\u00fcr eine gr\u00fcnere Zukunft freuen wir uns, Ihnen unser nachhaltiges Konzept vorzustellen. \u232aZwei Elektro-Lades\u00e4ulen Unsere Bem\u00fchungen beginnen bereits bei Ihrer Anreise. Mit [&hellip;]","og_url":"https:\/\/www.hotel-weisseslamm.de\/en\/nachhaltigkeit\/","og_site_name":"Landgasthof Weisses Lamm","article_modified_time":"2024-03-01T09:56:53+00:00","twitter_card":"summary_large_image","twitter_misc":{"Estimated reading time":"1 minute"},"schema":{"@context":"https:\/\/schema.org","@graph":[{"@type":"WebPage","@id":"https:\/\/www.hotel-weisseslamm.de\/nachhaltigkeit\/","url":"https:\/\/www.hotel-weisseslamm.de\/nachhaltigkeit\/","name":"Nachhaltigkeit - Landgasthof Weisses Lamm","isPartOf":{"@id":"https:\/\/www.hotel-weisseslamm.de\/#website"},"datePublished":"2024-03-01T09:18:34+00:00","dateModified":"2024-03-01T09:56:53+00:00","breadcrumb":{"@id":"https:\/\/www.hotel-weisseslamm.de\/nachhaltigkeit\/#breadcrumb"},"inLanguage":"en-GB","potentialAction":[{"@type":"ReadAction","target":["https:\/\/www.hotel-weisseslamm.de\/nachhaltigkeit\/"]}]},{"@type":"BreadcrumbList","@id":"https:\/\/www.hotel-weisseslamm.de\/nachhaltigkeit\/#breadcrumb","itemListElement":[{"@type":"ListItem","position":1,"name":"Startseite","item":"https:\/\/www.hotel-weisseslamm.de\/"},{"@type":"ListItem","position":2,"name":"Nachhaltigkeit"}]},{"@type":"WebSite","@id":"https:\/\/www.hotel-weisseslamm.de\/#website","url":"https:\/\/www.hotel-weisseslamm.de\/","name":"Landgasthof Weisses Lamm","description":"Fr\u00e4nkischer Landgasthof mit Tradition im Nuernberger Land","publisher":{"@id":"https:\/\/www.hotel-weisseslamm.de\/#organization"},"potentialAction":[{"@type":"SearchAction","target":{"@type":"EntryPoint","urlTemplate":"https:\/\/www.hotel-weisseslamm.de\/?s={search_term_string}"},"query-input":{"@type":"PropertyValueSpecification","valueRequired":true,"valueName":"search_term_string"}}],"inLanguage":"en-GB"},{"@type":"Organization","@id":"https:\/\/www.hotel-weisseslamm.de\/#organization","name":"Landgasthof Weisses Lamm","url":"https:\/\/www.hotel-weisseslamm.de\/","logo":{"@type":"ImageObject","inLanguage":"en-GB","@id":"https:\/\/www.hotel-weisseslamm.de\/#\/schema\/logo\/image\/","url":"https:\/\/www.hotel-weisseslamm.de\/wp-content\/uploads\/2022\/09\/site-logo3.png","contentUrl":"https:\/\/www.hotel-weisseslamm.de\/wp-content\/uploads\/2022\/09\/site-logo3.png","width":895,"height":186,"caption":"Landgasthof Weisses Lamm"},"image":{"@id":"https:\/\/www.hotel-weisseslamm.de\/#\/schema\/logo\/image\/"}}]}},"_links":{"self":[{"href":"https:\/\/www.hotel-weisseslamm.de\/en\/wp-json\/wp\/v2\/pages\/4336","targetHints":{"allow":["GET"]}}],"collection":[{"href":"https:\/\/www.hotel-weisseslamm.de\/en\/wp-json\/wp\/v2\/pages"}],"about":[{"href":"https:\/\/www.hotel-weisseslamm.de\/en\/wp-json\/wp\/v2\/types\/page"}],"author":[{"embeddable":true,"href":"https:\/\/www.hotel-weisseslamm.de\/en\/wp-json\/wp\/v2\/users\/6"}],"replies":[{"embeddable":true,"href":"https:\/\/www.hotel-weisseslamm.de\/en\/wp-json\/wp\/v2\/comments?post=4336"}],"version-history":[{"count":19,"href":"https:\/\/www.hotel-weisseslamm.de\/en\/wp-json\/wp\/v2\/pages\/4336\/revisions"}],"predecessor-version":[{"id":4364,"href":"https:\/\/www.hotel-weisseslamm.de\/en\/wp-json\/wp\/v2\/pages\/4336\/revisions\/4364"}],"wp:attachment":[{"href":"https:\/\/www.hotel-weisseslamm.de\/en\/wp-json\/wp\/v2\/media?parent=4336"}],"curies":[{"name":"wp","href":"https:\/\/api.w.org\/{rel}","templated":true}]}}