{"id":2488,"date":"2023-01-31T18:58:36","date_gmt":"2023-01-31T17:58:36","guid":{"rendered":"https:\/\/www.hotel-weisseslamm.de\/?page_id=2488"},"modified":"2026-01-13T10:45:45","modified_gmt":"2026-01-13T09:45:45","slug":"zimmer-fuer-preisbewusste","status":"publish","type":"page","link":"https:\/\/www.hotel-weisseslamm.de\/en\/zimmer-fuer-preisbewusste\/","title":{"rendered":"Room for price conscious"},"content":{"rendered":"<div data-elementor-type=\"wp-page\" data-elementor-id=\"2488\" class=\"elementor elementor-2488\" data-elementor-post-type=\"page\">\n\t\t\t\t\t\t<section class=\"elementor-section elementor-top-section elementor-element elementor-element-57316bf elementor-section-full_width elementor-section-height-default elementor-section-height-default\" data-id=\"57316bf\" data-element_type=\"section\" data-e-type=\"section\">\n\t\t\t\t\t\t<div class=\"elementor-container elementor-column-gap-default\">\n\t\t\t\t\t<div class=\"elementor-column elementor-col-100 elementor-top-column elementor-element elementor-element-628ff366\" data-id=\"628ff366\" data-element_type=\"column\" data-e-type=\"column\">\n\t\t\t<div class=\"elementor-widget-wrap elementor-element-populated\">\n\t\t\t\t\t\t<div class=\"elementor-element elementor-element-11913cbd elementor-arrows-position-inside elementor-widget elementor-widget-image-carousel\" data-id=\"11913cbd\" data-element_type=\"widget\" data-e-type=\"widget\" data-settings=\"{&quot;slides_to_show&quot;:&quot;4&quot;,&quot;slides_to_scroll&quot;:&quot;1&quot;,&quot;navigation&quot;:&quot;arrows&quot;,&quot;pause_on_hover&quot;:&quot;no&quot;,&quot;pause_on_interaction&quot;:&quot;no&quot;,&quot;speed&quot;:800,&quot;image_spacing_custom&quot;:{&quot;unit&quot;:&quot;px&quot;,&quot;size&quot;:2,&quot;sizes&quot;:[]},&quot;slides_to_show_tablet&quot;:&quot;2&quot;,&quot;slides_to_show_mobile&quot;:&quot;2&quot;,&quot;autoplay&quot;:&quot;yes&quot;,&quot;autoplay_speed&quot;:5000,&quot;infinite&quot;:&quot;yes&quot;,&quot;image_spacing_custom_tablet&quot;:{&quot;unit&quot;:&quot;px&quot;,&quot;size&quot;:&quot;&quot;,&quot;sizes&quot;:[]},&quot;image_spacing_custom_mobile&quot;:{&quot;unit&quot;:&quot;px&quot;,&quot;size&quot;:&quot;&quot;,&quot;sizes&quot;:[]}}\" data-widget_type=\"image-carousel.default\">\n\t\t\t\t<div class=\"elementor-widget-container\">\n\t\t\t\t\t\t\t<div class=\"elementor-image-carousel-wrapper swiper\" role=\"region\" aria-roledescription=\"carousel\" aria-label=\"Bild Karussell\" dir=\"ltr\">\n\t\t\t<div class=\"elementor-image-carousel swiper-wrapper\" aria-live=\"off\">\n\t\t\t\t\t\t\t\t<div class=\"swiper-slide\" role=\"group\" aria-roledescription=\"slide\" aria-label=\"1 von 5\"><a data-elementor-open-lightbox=\"yes\" data-elementor-lightbox-slideshow=\"11913cbd\" data-elementor-lightbox-title=\"weisses-lamm-zimmer-preisbewusste1\" data-e-action-hash=\"#elementor-action%3Aaction%3Dlightbox%26settings%3DeyJpZCI6MTg3NSwidXJsIjoiaHR0cHM6XC9cL3d3dy5ob3RlbC13ZWlzc2VzbGFtbS5kZVwvd3AtY29udGVudFwvdXBsb2Fkc1wvMjAyM1wvMDFcL3dlaXNzZXMtbGFtbS16aW1tZXItcHJlaXNiZXd1c3N0ZTEuanBnIiwic2xpZGVzaG93IjoiMTE5MTNjYmQifQ%3D%3D\" href=\"https:\/\/www.hotel-weisseslamm.de\/wp-content\/uploads\/2023\/01\/weisses-lamm-zimmer-preisbewusste1.jpg\"><figure class=\"swiper-slide-inner\"><img decoding=\"async\" class=\"swiper-slide-image\" src=\"https:\/\/www.hotel-weisseslamm.de\/wp-content\/uploads\/elementor\/thumbs\/weisses-lamm-zimmer-preisbewusste1-ri1le5jxhmkhrzkzun2jpzrxdxq5o9x3m70g9a5nc0.jpg\" alt=\"weisses-lamm-zimmer-preisbewusste1\" \/><\/figure><\/a><\/div><div class=\"swiper-slide\" role=\"group\" aria-roledescription=\"slide\" aria-label=\"2 von 5\"><a data-elementor-open-lightbox=\"yes\" data-elementor-lightbox-slideshow=\"11913cbd\" data-elementor-lightbox-title=\"weisses-lamm-zimmer-preisbewusste3\" data-e-action-hash=\"#elementor-action%3Aaction%3Dlightbox%26settings%3DeyJpZCI6MjQ0NSwidXJsIjoiaHR0cHM6XC9cL3d3dy5ob3RlbC13ZWlzc2VzbGFtbS5kZVwvd3AtY29udGVudFwvdXBsb2Fkc1wvMjAyM1wvMDFcL3dlaXNzZXMtbGFtbS16aW1tZXItcHJlaXNiZXd1c3N0ZTMuanBnIiwic2xpZGVzaG93IjoiMTE5MTNjYmQifQ%3D%3D\" href=\"https:\/\/www.hotel-weisseslamm.de\/wp-content\/uploads\/2023\/01\/weisses-lamm-zimmer-preisbewusste3.jpg\"><figure class=\"swiper-slide-inner\"><img decoding=\"async\" class=\"swiper-slide-image\" src=\"https:\/\/www.hotel-weisseslamm.de\/wp-content\/uploads\/elementor\/thumbs\/weisses-lamm-zimmer-preisbewusste3-ri1le5jxhmkhrzkzun2jpzrxdxq5o9x3m70g9a5nc0.jpg\" alt=\"weisses-lamm-zimmer-preisbewusste3\" \/><\/figure><\/a><\/div><div class=\"swiper-slide\" role=\"group\" aria-roledescription=\"slide\" aria-label=\"3 von 5\"><a data-elementor-open-lightbox=\"yes\" data-elementor-lightbox-slideshow=\"11913cbd\" data-elementor-lightbox-title=\"weisses-lamm-zimmer-preisbewusste\" data-e-action-hash=\"#elementor-action%3Aaction%3Dlightbox%26settings%3DeyJpZCI6MTg3NCwidXJsIjoiaHR0cHM6XC9cL3d3dy5ob3RlbC13ZWlzc2VzbGFtbS5kZVwvd3AtY29udGVudFwvdXBsb2Fkc1wvMjAyM1wvMDFcL3dlaXNzZXMtbGFtbS16aW1tZXItcHJlaXNiZXd1c3N0ZS5qcGciLCJzbGlkZXNob3ciOiIxMTkxM2NiZCJ9\" href=\"https:\/\/www.hotel-weisseslamm.de\/wp-content\/uploads\/2023\/01\/weisses-lamm-zimmer-preisbewusste.jpg\"><figure class=\"swiper-slide-inner\"><img decoding=\"async\" class=\"swiper-slide-image\" src=\"https:\/\/www.hotel-weisseslamm.de\/wp-content\/uploads\/elementor\/thumbs\/weisses-lamm-zimmer-preisbewusste-ri1le5jxhmkhrzkzun2jpzrxdxq5o9x3m70g9a5nc0.jpg\" alt=\"weisses-lamm-zimmer-preisbewusste\" \/><\/figure><\/a><\/div><div class=\"swiper-slide\" role=\"group\" aria-roledescription=\"slide\" aria-label=\"4 von 5\"><a data-elementor-open-lightbox=\"yes\" data-elementor-lightbox-slideshow=\"11913cbd\" data-elementor-lightbox-title=\"weisses-lamm-zimmer-preisbewusste4\" data-e-action-hash=\"#elementor-action%3Aaction%3Dlightbox%26settings%3DeyJpZCI6MjQ0NiwidXJsIjoiaHR0cHM6XC9cL3d3dy5ob3RlbC13ZWlzc2VzbGFtbS5kZVwvd3AtY29udGVudFwvdXBsb2Fkc1wvMjAyM1wvMDFcL3dlaXNzZXMtbGFtbS16aW1tZXItcHJlaXNiZXd1c3N0ZTQuanBnIiwic2xpZGVzaG93IjoiMTE5MTNjYmQifQ%3D%3D\" href=\"https:\/\/www.hotel-weisseslamm.de\/wp-content\/uploads\/2023\/01\/weisses-lamm-zimmer-preisbewusste4.jpg\"><figure class=\"swiper-slide-inner\"><img decoding=\"async\" class=\"swiper-slide-image\" src=\"https:\/\/www.hotel-weisseslamm.de\/wp-content\/uploads\/elementor\/thumbs\/weisses-lamm-zimmer-preisbewusste4-ri1le5jxhmkhrzkzun2jpzrxdxq5o9x3m70g9a5nc0.jpg\" alt=\"weisses-lamm-zimmer-preisbewusste4\" \/><\/figure><\/a><\/div><div class=\"swiper-slide\" role=\"group\" aria-roledescription=\"slide\" aria-label=\"5 von 5\"><a data-elementor-open-lightbox=\"yes\" data-elementor-lightbox-slideshow=\"11913cbd\" data-elementor-lightbox-title=\"weisses-lamm-zimmer-preisbewusste2\" data-e-action-hash=\"#elementor-action%3Aaction%3Dlightbox%26settings%3DeyJpZCI6MTg3NiwidXJsIjoiaHR0cHM6XC9cL3d3dy5ob3RlbC13ZWlzc2VzbGFtbS5kZVwvd3AtY29udGVudFwvdXBsb2Fkc1wvMjAyM1wvMDFcL3dlaXNzZXMtbGFtbS16aW1tZXItcHJlaXNiZXd1c3N0ZTIuanBnIiwic2xpZGVzaG93IjoiMTE5MTNjYmQifQ%3D%3D\" href=\"https:\/\/www.hotel-weisseslamm.de\/wp-content\/uploads\/2023\/01\/weisses-lamm-zimmer-preisbewusste2.jpg\"><figure class=\"swiper-slide-inner\"><img decoding=\"async\" class=\"swiper-slide-image\" src=\"https:\/\/www.hotel-weisseslamm.de\/wp-content\/uploads\/elementor\/thumbs\/weisses-lamm-zimmer-preisbewusste2-ri1le5jxhmkhrzkzun2jpzrxdxq5o9x3m70g9a5nc0.jpg\" alt=\"weisses-lamm-zimmer-preisbewusste2\" \/><\/figure><\/a><\/div>\t\t\t<\/div>\n\t\t\t\t\t\t\t\t\t\t\t\t<div class=\"elementor-swiper-button elementor-swiper-button-prev\" role=\"button\" tabindex=\"0\">\n\t\t\t\t\t\t<i aria-hidden=\"true\" class=\"eicon-chevron-left\"><\/i>\t\t\t\t\t<\/div>\n\t\t\t\t\t<div class=\"elementor-swiper-button elementor-swiper-button-next\" role=\"button\" tabindex=\"0\">\n\t\t\t\t\t\t<i aria-hidden=\"true\" class=\"eicon-chevron-right\"><\/i>\t\t\t\t\t<\/div>\n\t\t\t\t\n\t\t\t\t\t\t\t\t\t<\/div>\n\t\t\t\t\t\t<\/div>\n\t\t\t\t<\/div>\n\t\t\t\t\t<\/div>\n\t\t<\/div>\n\t\t\t\t\t<\/div>\n\t\t<\/section>\n\t\t\t\t<section class=\"elementor-section elementor-top-section elementor-element elementor-element-679b083e elementor-section-boxed elementor-section-height-default elementor-section-height-default\" data-id=\"679b083e\" data-element_type=\"section\" data-e-type=\"section\">\n\t\t\t\t\t\t<div class=\"elementor-container elementor-column-gap-default\">\n\t\t\t\t\t<div class=\"elementor-column elementor-col-100 elementor-top-column elementor-element elementor-element-653e608f\" data-id=\"653e608f\" data-element_type=\"column\" data-e-type=\"column\">\n\t\t\t<div class=\"elementor-widget-wrap elementor-element-populated\">\n\t\t\t\t\t\t<div class=\"elementor-element elementor-element-407e22c6 elementor-widget elementor-widget-text-editor\" data-id=\"407e22c6\" data-element_type=\"widget\" data-e-type=\"widget\" data-widget_type=\"text-editor.default\">\n\t\t\t\t<div class=\"elementor-widget-container\">\n\t\t\t\t\t\t\t\t\t<h1 style=\"text-align: left;\">Room for price conscious<\/h1>\t\t\t\t\t\t\t\t<\/div>\n\t\t\t\t<\/div>\n\t\t\t\t<section class=\"elementor-section elementor-inner-section elementor-element elementor-element-65839f4 elementor-section-boxed elementor-section-height-default elementor-section-height-default\" data-id=\"65839f4\" data-element_type=\"section\" data-e-type=\"section\">\n\t\t\t\t\t\t<div class=\"elementor-container elementor-column-gap-default\">\n\t\t\t\t\t<div class=\"elementor-column elementor-col-100 elementor-inner-column elementor-element elementor-element-ba182a5\" data-id=\"ba182a5\" data-element_type=\"column\" data-e-type=\"column\">\n\t\t\t<div class=\"elementor-widget-wrap elementor-element-populated\">\n\t\t\t\t\t\t<div class=\"elementor-element elementor-element-598f2294 elementor-widget elementor-widget-text-editor\" data-id=\"598f2294\" data-element_type=\"widget\" data-e-type=\"widget\" data-widget_type=\"text-editor.default\">\n\t\t\t\t<div class=\"elementor-widget-container\">\n\t\t\t\t\t\t\t\t\t<p>These rooms are ideal for the price-conscious guest who values a cozy ambience.<\/p>\t\t\t\t\t\t\t\t<\/div>\n\t\t\t\t<\/div>\n\t\t\t\t\t<\/div>\n\t\t<\/div>\n\t\t\t\t\t<\/div>\n\t\t<\/section>\n\t\t\t\t\t<\/div>\n\t\t<\/div>\n\t\t\t\t\t<\/div>\n\t\t<\/section>\n\t\t\t\t<section class=\"elementor-section elementor-top-section elementor-element elementor-element-859d40c elementor-section-full_width elementor-section-height-default elementor-section-height-default\" data-id=\"859d40c\" data-element_type=\"section\" data-e-type=\"section\">\n\t\t\t\t\t\t<div class=\"elementor-container elementor-column-gap-default\">\n\t\t\t\t\t<div class=\"elementor-column elementor-col-100 elementor-top-column elementor-element elementor-element-7ba98408\" data-id=\"7ba98408\" data-element_type=\"column\" data-e-type=\"column\">\n\t\t\t<div class=\"elementor-widget-wrap elementor-element-populated\">\n\t\t\t\t\t\t<section class=\"elementor-section elementor-inner-section elementor-element elementor-element-568a6fe3 elementor-section-boxed elementor-section-height-default elementor-section-height-default\" data-id=\"568a6fe3\" data-element_type=\"section\" data-e-type=\"section\">\n\t\t\t\t\t\t<div class=\"elementor-container elementor-column-gap-default\">\n\t\t\t\t\t<div class=\"elementor-column elementor-col-100 elementor-inner-column elementor-element elementor-element-796c6b62\" data-id=\"796c6b62\" data-element_type=\"column\" data-e-type=\"column\">\n\t\t\t<div class=\"elementor-widget-wrap elementor-element-populated\">\n\t\t\t\t\t\t<div class=\"elementor-element elementor-element-a6d1d81 elementor-widget elementor-widget-text-editor\" data-id=\"a6d1d81\" data-element_type=\"widget\" data-e-type=\"widget\" data-widget_type=\"text-editor.default\">\n\t\t\t\t<div class=\"elementor-widget-container\">\n\t\t\t\t\t\t\t\t\t<table class=\"tg\" style=\"width: 98.0583%;\"><tbody><tr><th style=\"width: 16.5082%; text-align: left;\">Category<\/th><th style=\"width: 48.9006%; text-align: left;\">Description<\/th><th style=\"width: 16.864%; text-align: left;\">DR<\/th><th style=\"width: 13.1824%; text-align: left;\">SR<\/th><\/tr><tr><td class=\"tg-031e\" style=\"width: 16.5082%;\"><strong>Standard single room\u00a0<\/strong><\/td><td class=\"tg-031e\" style=\"width: 48.9006%;\">Room 3,4<\/td><td class=\"tg-031e\" style=\"width: 16.864%;\">\u00a0<\/td><td class=\"tg-031e\" style=\"width: 13.1824%;\">66,00 \u20ac<\/td><\/tr><tr><td class=\"tg-031e\" style=\"width: 16.5082%;\"><strong>Small double room<\/strong><\/td><td class=\"tg-031e\" style=\"width: 48.9006%;\">Room 5,6,7<\/td><td class=\"tg-031e\" style=\"width: 16.864%;\">88,00 \u20ac<\/td><td class=\"tg-031e\" style=\"width: 13.1824%;\">68,00 \u20ac<\/td><\/tr><\/tbody><\/table>\t\t\t\t\t\t\t\t<\/div>\n\t\t\t\t<\/div>\n\t\t\t\t<div class=\"elementor-element elementor-element-1c0bde0e elementor-widget elementor-widget-text-editor\" data-id=\"1c0bde0e\" data-element_type=\"widget\" data-e-type=\"widget\" data-widget_type=\"text-editor.default\">\n\t\t\t\t<div class=\"elementor-widget-container\">\n\t\t\t\t\t\t\t\t\t<p>Fair times are excluded<\/p>\t\t\t\t\t\t\t\t<\/div>\n\t\t\t\t<\/div>\n\t\t\t\t\t<\/div>\n\t\t<\/div>\n\t\t\t\t\t<\/div>\n\t\t<\/section>\n\t\t\t\t\t<\/div>\n\t\t<\/div>\n\t\t\t\t\t<\/div>\n\t\t<\/section>\n\t\t\t\t<section class=\"elementor-section elementor-top-section elementor-element elementor-element-46818cdd elementor-section-boxed elementor-section-height-default elementor-section-height-default\" data-id=\"46818cdd\" data-element_type=\"section\" data-e-type=\"section\">\n\t\t\t\t\t\t<div class=\"elementor-container elementor-column-gap-default\">\n\t\t\t\t\t<div class=\"elementor-column elementor-col-50 elementor-top-column elementor-element elementor-element-23dc9098\" data-id=\"23dc9098\" data-element_type=\"column\" data-e-type=\"column\">\n\t\t\t<div class=\"elementor-widget-wrap elementor-element-populated\">\n\t\t\t\t\t\t<div class=\"elementor-element elementor-element-312c9d26 elementor-align-left elementor-widget elementor-widget-button\" data-id=\"312c9d26\" data-element_type=\"widget\" data-e-type=\"widget\" data-widget_type=\"button.default\">\n\t\t\t\t<div class=\"elementor-widget-container\">\n\t\t\t\t\t\t\t\t\t<div class=\"elementor-button-wrapper\">\n\t\t\t\t\t<a class=\"elementor-button elementor-button-link elementor-size-sm\" href=\"https:\/\/www.hotel-weisseslamm.de\/en\/hotel\/\">\n\t\t\t\t\t\t<span class=\"elementor-button-content-wrapper\">\n\t\t\t\t\t\t<span class=\"elementor-button-icon\">\n\t\t\t\t<i aria-hidden=\"true\" class=\"fas fa-arrow-left\"><\/i>\t\t\t<\/span>\n\t\t\t\t\t\t\t\t\t<span class=\"elementor-button-text\"> back to the room overview<\/span>\n\t\t\t\t\t<\/span>\n\t\t\t\t\t<\/a>\n\t\t\t\t<\/div>\n\t\t\t\t\t\t\t\t<\/div>\n\t\t\t\t<\/div>\n\t\t\t\t\t<\/div>\n\t\t<\/div>\n\t\t\t\t<div class=\"elementor-column elementor-col-50 elementor-top-column elementor-element elementor-element-4fcce0a9\" data-id=\"4fcce0a9\" data-element_type=\"column\" data-e-type=\"column\">\n\t\t\t<div class=\"elementor-widget-wrap elementor-element-populated\">\n\t\t\t\t\t\t<div class=\"elementor-element elementor-element-24c7080a elementor-align-right elementor-mobile-align-right elementor-widget elementor-widget-button\" data-id=\"24c7080a\" data-element_type=\"widget\" data-e-type=\"widget\" data-widget_type=\"button.default\">\n\t\t\t\t<div class=\"elementor-widget-container\">\n\t\t\t\t\t\t\t\t\t<div class=\"elementor-button-wrapper\">\n\t\t\t\t\t<a class=\"elementor-button elementor-button-link elementor-size-sm\" href=\"https:\/\/www.logotelonline.de\/ORS6\/Main\/ORSMain.php?cu=1012&#038;ma=101\" target=\"_blank\">\n\t\t\t\t\t\t<span class=\"elementor-button-content-wrapper\">\n\t\t\t\t\t\t<span class=\"elementor-button-icon\">\n\t\t\t\t<i aria-hidden=\"true\" class=\"fas fa-arrow-right\"><\/i>\t\t\t<\/span>\n\t\t\t\t\t\t\t\t\t<span class=\"elementor-button-text\">book room now<\/span>\n\t\t\t\t\t<\/span>\n\t\t\t\t\t<\/a>\n\t\t\t\t<\/div>\n\t\t\t\t\t\t\t\t<\/div>\n\t\t\t\t<\/div>\n\t\t\t\t\t<\/div>\n\t\t<\/div>\n\t\t\t\t\t<\/div>\n\t\t<\/section>\n\t\t\t\t<\/div>","protected":false},"excerpt":{"rendered":"<p>Zimmer f\u00fcr Preisbewusste Diese Zimmer sind ideal f\u00fcr den preisbewussten Gast, der auf ein gem\u00fctliches Ambiente Wert legt. Kategorie Beschreibung DZ EZ Standard-Einzelzimmer\u00a0 Zimmer 3,4 \u00a0 66,00 \u20ac Kleines Doppelzimmer Zimmer 5,6,7 88,00 \u20ac 68,00 \u20ac Messezeiten sind ausgenommen zur\u00fcck zur Zimmer\u00fcbersicht jetzt Zimmer buchen<\/p>","protected":false},"author":1,"featured_media":0,"parent":0,"menu_order":0,"comment_status":"closed","ping_status":"closed","template":"elementor_header_footer","meta":{"footnotes":""},"class_list":["post-2488","page","type-page","status-publish","hentry"],"yoast_head":"<!-- This site is optimized with the Yoast SEO plugin v27.4 - https:\/\/yoast.com\/product\/yoast-seo-wordpress\/ -->\n<title>Zimmer f\u00fcr Preisbewusste - Landgasthof Weisses Lamm<\/title>\n<meta name=\"description\" content=\"Sie sind auf der Suche nach einem preisg\u00fcnstigen Zimmer f\u00fcr Ihre \u00dcbernachtung im N\u00fcrnberger Land? Hier entlang f\u00fcr preisbewusste Bucher!\" \/>\n<meta name=\"robots\" content=\"index, follow, max-snippet:-1, max-image-preview:large, max-video-preview:-1\" \/>\n<link rel=\"canonical\" href=\"https:\/\/www.hotel-weisseslamm.de\/en\/zimmer-fuer-preisbewusste\/\" \/>\n<meta property=\"og:locale\" content=\"en_GB\" \/>\n<meta property=\"og:type\" content=\"article\" \/>\n<meta property=\"og:title\" content=\"Zimmer f\u00fcr Preisbewusste - Landgasthof Weisses Lamm\" \/>\n<meta property=\"og:description\" content=\"Sie sind auf der Suche nach einem preisg\u00fcnstigen Zimmer f\u00fcr Ihre \u00dcbernachtung im N\u00fcrnberger Land? Hier entlang f\u00fcr preisbewusste Bucher!\" \/>\n<meta property=\"og:url\" content=\"https:\/\/www.hotel-weisseslamm.de\/en\/zimmer-fuer-preisbewusste\/\" \/>\n<meta property=\"og:site_name\" content=\"Landgasthof Weisses Lamm\" \/>\n<meta property=\"article:modified_time\" content=\"2026-01-13T09:45:45+00:00\" \/>\n<meta property=\"og:image\" content=\"https:\/\/www.hotel-weisseslamm.de\/wp-content\/uploads\/elementor\/thumbs\/weisses-lamm-zimmer-preisbewusste1-q2xcj9ehcln391fwp1deg29rn8jibgfkvo05hchba8.jpg\" \/>\n<meta name=\"twitter:card\" content=\"summary_large_image\" \/>\n<meta name=\"twitter:label1\" content=\"Estimated reading time\" \/>\n\t<meta name=\"twitter:data1\" content=\"3 minutes\" \/>\n<script type=\"application\/ld+json\" class=\"yoast-schema-graph\">{\"@context\":\"https:\\\/\\\/schema.org\",\"@graph\":[{\"@type\":\"WebPage\",\"@id\":\"https:\\\/\\\/www.hotel-weisseslamm.de\\\/zimmer-fuer-preisbewusste\\\/\",\"url\":\"https:\\\/\\\/www.hotel-weisseslamm.de\\\/zimmer-fuer-preisbewusste\\\/\",\"name\":\"Zimmer f\u00fcr Preisbewusste - Landgasthof Weisses Lamm\",\"isPartOf\":{\"@id\":\"https:\\\/\\\/www.hotel-weisseslamm.de\\\/#website\"},\"primaryImageOfPage\":{\"@id\":\"https:\\\/\\\/www.hotel-weisseslamm.de\\\/zimmer-fuer-preisbewusste\\\/#primaryimage\"},\"image\":{\"@id\":\"https:\\\/\\\/www.hotel-weisseslamm.de\\\/zimmer-fuer-preisbewusste\\\/#primaryimage\"},\"thumbnailUrl\":\"https:\\\/\\\/www.hotel-weisseslamm.de\\\/wp-content\\\/uploads\\\/elementor\\\/thumbs\\\/weisses-lamm-zimmer-preisbewusste1-q2xcj9ehcln391fwp1deg29rn8jibgfkvo05hchba8.jpg\",\"datePublished\":\"2023-01-31T17:58:36+00:00\",\"dateModified\":\"2026-01-13T09:45:45+00:00\",\"description\":\"Sie sind auf der Suche nach einem preisg\u00fcnstigen Zimmer f\u00fcr Ihre \u00dcbernachtung im N\u00fcrnberger Land? Hier entlang f\u00fcr preisbewusste Bucher!\",\"breadcrumb\":{\"@id\":\"https:\\\/\\\/www.hotel-weisseslamm.de\\\/zimmer-fuer-preisbewusste\\\/#breadcrumb\"},\"inLanguage\":\"en-GB\",\"potentialAction\":[{\"@type\":\"ReadAction\",\"target\":[\"https:\\\/\\\/www.hotel-weisseslamm.de\\\/zimmer-fuer-preisbewusste\\\/\"]}]},{\"@type\":\"ImageObject\",\"inLanguage\":\"en-GB\",\"@id\":\"https:\\\/\\\/www.hotel-weisseslamm.de\\\/zimmer-fuer-preisbewusste\\\/#primaryimage\",\"url\":\"https:\\\/\\\/www.hotel-weisseslamm.de\\\/wp-content\\\/uploads\\\/elementor\\\/thumbs\\\/weisses-lamm-zimmer-preisbewusste1-q2xcj9ehcln391fwp1deg29rn8jibgfkvo05hchba8.jpg\",\"contentUrl\":\"https:\\\/\\\/www.hotel-weisseslamm.de\\\/wp-content\\\/uploads\\\/elementor\\\/thumbs\\\/weisses-lamm-zimmer-preisbewusste1-q2xcj9ehcln391fwp1deg29rn8jibgfkvo05hchba8.jpg\"},{\"@type\":\"BreadcrumbList\",\"@id\":\"https:\\\/\\\/www.hotel-weisseslamm.de\\\/zimmer-fuer-preisbewusste\\\/#breadcrumb\",\"itemListElement\":[{\"@type\":\"ListItem\",\"position\":1,\"name\":\"Startseite\",\"item\":\"https:\\\/\\\/www.hotel-weisseslamm.de\\\/\"},{\"@type\":\"ListItem\",\"position\":2,\"name\":\"Zimmer f\u00fcr Preisbewusste\"}]},{\"@type\":\"WebSite\",\"@id\":\"https:\\\/\\\/www.hotel-weisseslamm.de\\\/#website\",\"url\":\"https:\\\/\\\/www.hotel-weisseslamm.de\\\/\",\"name\":\"Landgasthof Weisses Lamm\",\"description\":\"Fr\u00e4nkischer Landgasthof mit Tradition im Nuernberger Land\",\"publisher\":{\"@id\":\"https:\\\/\\\/www.hotel-weisseslamm.de\\\/#organization\"},\"potentialAction\":[{\"@type\":\"SearchAction\",\"target\":{\"@type\":\"EntryPoint\",\"urlTemplate\":\"https:\\\/\\\/www.hotel-weisseslamm.de\\\/?s={search_term_string}\"},\"query-input\":{\"@type\":\"PropertyValueSpecification\",\"valueRequired\":true,\"valueName\":\"search_term_string\"}}],\"inLanguage\":\"en-GB\"},{\"@type\":\"Organization\",\"@id\":\"https:\\\/\\\/www.hotel-weisseslamm.de\\\/#organization\",\"name\":\"Landgasthof Weisses Lamm\",\"url\":\"https:\\\/\\\/www.hotel-weisseslamm.de\\\/\",\"logo\":{\"@type\":\"ImageObject\",\"inLanguage\":\"en-GB\",\"@id\":\"https:\\\/\\\/www.hotel-weisseslamm.de\\\/#\\\/schema\\\/logo\\\/image\\\/\",\"url\":\"https:\\\/\\\/www.hotel-weisseslamm.de\\\/wp-content\\\/uploads\\\/2022\\\/09\\\/site-logo3.png\",\"contentUrl\":\"https:\\\/\\\/www.hotel-weisseslamm.de\\\/wp-content\\\/uploads\\\/2022\\\/09\\\/site-logo3.png\",\"width\":895,\"height\":186,\"caption\":\"Landgasthof Weisses Lamm\"},\"image\":{\"@id\":\"https:\\\/\\\/www.hotel-weisseslamm.de\\\/#\\\/schema\\\/logo\\\/image\\\/\"}}]}<\/script>\n<!-- \/ Yoast SEO plugin. -->","yoast_head_json":{"title":"Zimmer f\u00fcr Preisbewusste - Landgasthof Weisses Lamm","description":"Sie sind auf der Suche nach einem preisg\u00fcnstigen Zimmer f\u00fcr Ihre \u00dcbernachtung im N\u00fcrnberger Land? Hier entlang f\u00fcr preisbewusste Bucher!","robots":{"index":"index","follow":"follow","max-snippet":"max-snippet:-1","max-image-preview":"max-image-preview:large","max-video-preview":"max-video-preview:-1"},"canonical":"https:\/\/www.hotel-weisseslamm.de\/en\/zimmer-fuer-preisbewusste\/","og_locale":"en_GB","og_type":"article","og_title":"Zimmer f\u00fcr Preisbewusste - Landgasthof Weisses Lamm","og_description":"Sie sind auf der Suche nach einem preisg\u00fcnstigen Zimmer f\u00fcr Ihre \u00dcbernachtung im N\u00fcrnberger Land? Hier entlang f\u00fcr preisbewusste Bucher!","og_url":"https:\/\/www.hotel-weisseslamm.de\/en\/zimmer-fuer-preisbewusste\/","og_site_name":"Landgasthof Weisses Lamm","article_modified_time":"2026-01-13T09:45:45+00:00","og_image":[{"url":"https:\/\/www.hotel-weisseslamm.de\/wp-content\/uploads\/elementor\/thumbs\/weisses-lamm-zimmer-preisbewusste1-q2xcj9ehcln391fwp1deg29rn8jibgfkvo05hchba8.jpg","type":"","width":"","height":""}],"twitter_card":"summary_large_image","twitter_misc":{"Estimated reading time":"3 minutes"},"schema":{"@context":"https:\/\/schema.org","@graph":[{"@type":"WebPage","@id":"https:\/\/www.hotel-weisseslamm.de\/zimmer-fuer-preisbewusste\/","url":"https:\/\/www.hotel-weisseslamm.de\/zimmer-fuer-preisbewusste\/","name":"Zimmer f\u00fcr Preisbewusste - Landgasthof Weisses Lamm","isPartOf":{"@id":"https:\/\/www.hotel-weisseslamm.de\/#website"},"primaryImageOfPage":{"@id":"https:\/\/www.hotel-weisseslamm.de\/zimmer-fuer-preisbewusste\/#primaryimage"},"image":{"@id":"https:\/\/www.hotel-weisseslamm.de\/zimmer-fuer-preisbewusste\/#primaryimage"},"thumbnailUrl":"https:\/\/www.hotel-weisseslamm.de\/wp-content\/uploads\/elementor\/thumbs\/weisses-lamm-zimmer-preisbewusste1-q2xcj9ehcln391fwp1deg29rn8jibgfkvo05hchba8.jpg","datePublished":"2023-01-31T17:58:36+00:00","dateModified":"2026-01-13T09:45:45+00:00","description":"Sie sind auf der Suche nach einem preisg\u00fcnstigen Zimmer f\u00fcr Ihre \u00dcbernachtung im N\u00fcrnberger Land? Hier entlang f\u00fcr preisbewusste Bucher!","breadcrumb":{"@id":"https:\/\/www.hotel-weisseslamm.de\/zimmer-fuer-preisbewusste\/#breadcrumb"},"inLanguage":"en-GB","potentialAction":[{"@type":"ReadAction","target":["https:\/\/www.hotel-weisseslamm.de\/zimmer-fuer-preisbewusste\/"]}]},{"@type":"ImageObject","inLanguage":"en-GB","@id":"https:\/\/www.hotel-weisseslamm.de\/zimmer-fuer-preisbewusste\/#primaryimage","url":"https:\/\/www.hotel-weisseslamm.de\/wp-content\/uploads\/elementor\/thumbs\/weisses-lamm-zimmer-preisbewusste1-q2xcj9ehcln391fwp1deg29rn8jibgfkvo05hchba8.jpg","contentUrl":"https:\/\/www.hotel-weisseslamm.de\/wp-content\/uploads\/elementor\/thumbs\/weisses-lamm-zimmer-preisbewusste1-q2xcj9ehcln391fwp1deg29rn8jibgfkvo05hchba8.jpg"},{"@type":"BreadcrumbList","@id":"https:\/\/www.hotel-weisseslamm.de\/zimmer-fuer-preisbewusste\/#breadcrumb","itemListElement":[{"@type":"ListItem","position":1,"name":"Startseite","item":"https:\/\/www.hotel-weisseslamm.de\/"},{"@type":"ListItem","position":2,"name":"Zimmer f\u00fcr Preisbewusste"}]},{"@type":"WebSite","@id":"https:\/\/www.hotel-weisseslamm.de\/#website","url":"https:\/\/www.hotel-weisseslamm.de\/","name":"Landgasthof Weisses Lamm","description":"Fr\u00e4nkischer Landgasthof mit Tradition im Nuernberger Land","publisher":{"@id":"https:\/\/www.hotel-weisseslamm.de\/#organization"},"potentialAction":[{"@type":"SearchAction","target":{"@type":"EntryPoint","urlTemplate":"https:\/\/www.hotel-weisseslamm.de\/?s={search_term_string}"},"query-input":{"@type":"PropertyValueSpecification","valueRequired":true,"valueName":"search_term_string"}}],"inLanguage":"en-GB"},{"@type":"Organization","@id":"https:\/\/www.hotel-weisseslamm.de\/#organization","name":"Landgasthof Weisses Lamm","url":"https:\/\/www.hotel-weisseslamm.de\/","logo":{"@type":"ImageObject","inLanguage":"en-GB","@id":"https:\/\/www.hotel-weisseslamm.de\/#\/schema\/logo\/image\/","url":"https:\/\/www.hotel-weisseslamm.de\/wp-content\/uploads\/2022\/09\/site-logo3.png","contentUrl":"https:\/\/www.hotel-weisseslamm.de\/wp-content\/uploads\/2022\/09\/site-logo3.png","width":895,"height":186,"caption":"Landgasthof Weisses Lamm"},"image":{"@id":"https:\/\/www.hotel-weisseslamm.de\/#\/schema\/logo\/image\/"}}]}},"_links":{"self":[{"href":"https:\/\/www.hotel-weisseslamm.de\/en\/wp-json\/wp\/v2\/pages\/2488","targetHints":{"allow":["GET"]}}],"collection":[{"href":"https:\/\/www.hotel-weisseslamm.de\/en\/wp-json\/wp\/v2\/pages"}],"about":[{"href":"https:\/\/www.hotel-weisseslamm.de\/en\/wp-json\/wp\/v2\/types\/page"}],"author":[{"embeddable":true,"href":"https:\/\/www.hotel-weisseslamm.de\/en\/wp-json\/wp\/v2\/users\/1"}],"replies":[{"embeddable":true,"href":"https:\/\/www.hotel-weisseslamm.de\/en\/wp-json\/wp\/v2\/comments?post=2488"}],"version-history":[{"count":25,"href":"https:\/\/www.hotel-weisseslamm.de\/en\/wp-json\/wp\/v2\/pages\/2488\/revisions"}],"predecessor-version":[{"id":5062,"href":"https:\/\/www.hotel-weisseslamm.de\/en\/wp-json\/wp\/v2\/pages\/2488\/revisions\/5062"}],"wp:attachment":[{"href":"https:\/\/www.hotel-weisseslamm.de\/en\/wp-json\/wp\/v2\/media?parent=2488"}],"curies":[{"name":"wp","href":"https:\/\/api.w.org\/{rel}","templated":true}]}}