{"id":2216,"date":"2023-01-30T16:51:21","date_gmt":"2023-01-30T15:51:21","guid":{"rendered":"https:\/\/www.hotel-weisseslamm.de\/?page_id=2216"},"modified":"2026-01-08T11:50:45","modified_gmt":"2026-01-08T10:50:45","slug":"oeffnungszeiten","status":"publish","type":"page","link":"https:\/\/www.hotel-weisseslamm.de\/en\/oeffnungszeiten\/","title":{"rendered":"Opening hours"},"content":{"rendered":"<div data-elementor-type=\"wp-page\" data-elementor-id=\"2216\" class=\"elementor elementor-2216\" data-elementor-post-type=\"page\">\n\t\t\t\t\t\t<section class=\"elementor-section elementor-top-section elementor-element elementor-element-2cf6bb08 elementor-section-full_width elementor-section-height-default elementor-section-height-default\" data-id=\"2cf6bb08\" data-element_type=\"section\" data-e-type=\"section\" data-settings=\"{&quot;background_background&quot;:&quot;classic&quot;}\">\n\t\t\t\t\t\t\t<div class=\"elementor-background-overlay\"><\/div>\n\t\t\t\t\t\t\t<div class=\"elementor-container elementor-column-gap-default\">\n\t\t\t\t\t<div class=\"elementor-column elementor-col-100 elementor-top-column elementor-element elementor-element-71ee5587\" data-id=\"71ee5587\" data-element_type=\"column\" data-e-type=\"column\" data-settings=\"{&quot;background_background&quot;:&quot;classic&quot;}\">\n\t\t\t<div class=\"elementor-widget-wrap elementor-element-populated\">\n\t\t\t\t\t<div class=\"elementor-background-overlay\"><\/div>\n\t\t\t\t\t\t<div class=\"elementor-element elementor-element-1fbf8e80 elementor--h-position-center elementor--v-position-middle elementor-arrows-position-inside elementor-pagination-position-inside elementor-widget elementor-widget-slides\" data-id=\"1fbf8e80\" data-element_type=\"widget\" data-e-type=\"widget\" data-settings=\"{&quot;autoplay_speed&quot;:3500,&quot;transition&quot;:&quot;fade&quot;,&quot;transition_speed&quot;:2500,&quot;navigation&quot;:&quot;both&quot;,&quot;autoplay&quot;:&quot;yes&quot;,&quot;infinite&quot;:&quot;yes&quot;}\" data-widget_type=\"slides.default\">\n\t\t\t\t<div class=\"elementor-widget-container\">\n\t\t\t\t\t\t\t\t\t<div class=\"elementor-swiper\">\n\t\t\t\t\t<div class=\"elementor-slides-wrapper elementor-main-swiper swiper\" role=\"region\" aria-roledescription=\"carousel\" aria-label=\"Slider\" dir=\"ltr\" data-animation=\"fadeInUp\">\n\t\t\t\t<div class=\"swiper-wrapper elementor-slides\">\n\t\t\t\t\t\t\t\t\t\t<div class=\"elementor-repeater-item-9cb9f26 swiper-slide\" role=\"group\" aria-roledescription=\"slide\"><div class=\"swiper-slide-bg\" role=\"img\" aria-label=\"weisses-lamm-hotel1\"><\/div><div class=\"swiper-slide-inner\" ><div class=\"swiper-slide-contents\"><\/div><\/div><\/div><div class=\"elementor-repeater-item-0ce6ddb swiper-slide\" role=\"group\" aria-roledescription=\"slide\"><div class=\"swiper-slide-bg\" role=\"img\" aria-label=\"weisses-lamm-gasthof7\"><\/div><div class=\"swiper-slide-inner\" ><div class=\"swiper-slide-contents\"><\/div><\/div><\/div><div class=\"elementor-repeater-item-1cae352 swiper-slide\" role=\"group\" aria-roledescription=\"slide\"><div class=\"swiper-slide-bg\" role=\"img\" aria-label=\"weisses-lamm-hotel6\"><\/div><div class=\"swiper-slide-inner\" ><div class=\"swiper-slide-contents\"><\/div><\/div><\/div>\t\t\t\t<\/div>\n\t\t\t\t\t\t\t\t\t\t\t\t\t\t\t<div class=\"elementor-swiper-button elementor-swiper-button-prev\" role=\"button\" tabindex=\"0\" aria-label=\"Vorheriger Slide\">\n\t\t\t\t\t\t\t<i aria-hidden=\"true\" class=\"eicon-chevron-left\"><\/i>\t\t\t\t\t\t<\/div>\n\t\t\t\t\t\t<div class=\"elementor-swiper-button elementor-swiper-button-next\" role=\"button\" tabindex=\"0\" aria-label=\"N\u00e4chster Slide\">\n\t\t\t\t\t\t\t<i aria-hidden=\"true\" class=\"eicon-chevron-right\"><\/i>\t\t\t\t\t\t<\/div>\n\t\t\t\t\t\t\t\t\t\t\t\t\t\t\t\t<div class=\"swiper-pagination\"><\/div>\n\t\t\t\t\t\t\t\t\t\t\t\t<\/div>\n\t\t\t\t<\/div>\n\t\t\t\t\t\t\t\t<\/div>\n\t\t\t\t<\/div>\n\t\t\t\t\t<\/div>\n\t\t<\/div>\n\t\t\t\t\t<\/div>\n\t\t<\/section>\n\t\t\t\t<section class=\"elementor-section elementor-top-section elementor-element elementor-element-659ea4c2 elementor-section-boxed elementor-section-height-default elementor-section-height-default\" data-id=\"659ea4c2\" data-element_type=\"section\" data-e-type=\"section\">\n\t\t\t\t\t\t<div class=\"elementor-container elementor-column-gap-default\">\n\t\t\t\t\t<div class=\"elementor-column elementor-col-100 elementor-top-column elementor-element elementor-element-7e9dd8d5\" data-id=\"7e9dd8d5\" data-element_type=\"column\" data-e-type=\"column\">\n\t\t\t<div class=\"elementor-widget-wrap elementor-element-populated\">\n\t\t\t\t\t\t<div class=\"elementor-element elementor-element-703c9dfb elementor-widget elementor-widget-text-editor\" data-id=\"703c9dfb\" data-element_type=\"widget\" data-e-type=\"widget\" data-widget_type=\"text-editor.default\">\n\t\t\t\t<div class=\"elementor-widget-container\">\n\t\t\t\t\t\t\t\t\t<h1 style=\"text-align: left;\">Opening hours<\/h1>\t\t\t\t\t\t\t\t<\/div>\n\t\t\t\t<\/div>\n\t\t\t\t<section class=\"elementor-section elementor-inner-section elementor-element elementor-element-48b0fbb7 elementor-section-boxed elementor-section-height-default elementor-section-height-default\" data-id=\"48b0fbb7\" data-element_type=\"section\" data-e-type=\"section\">\n\t\t\t\t\t\t<div class=\"elementor-container elementor-column-gap-default\">\n\t\t\t\t\t<div class=\"elementor-column elementor-col-100 elementor-inner-column elementor-element elementor-element-785474f7\" data-id=\"785474f7\" data-element_type=\"column\" data-e-type=\"column\">\n\t\t\t<div class=\"elementor-widget-wrap elementor-element-populated\">\n\t\t\t\t\t\t<div class=\"elementor-element elementor-element-74cf8450 elementor-widget elementor-widget-text-editor\" data-id=\"74cf8450\" data-element_type=\"widget\" data-e-type=\"widget\" data-widget_type=\"text-editor.default\">\n\t\t\t\t<div class=\"elementor-widget-container\">\n\t\t\t\t\t\t\t\t\t<p><b>Unsere regul\u00e4ren \u00d6ffnungszeiten im Restaurant:<\/b><\/p><p><strong><span style=\"color: #ff0000;\">HINWEIS<\/span>: Unsere \u00d6ffnungszeiten k\u00f6nnen aufgrund von Feiertagen, Urlauben oder Schlie\u00dftagen abweichen. Bitte hierzu gerne unter &#8222;<span style=\"text-decoration: underline; color: #ff0000;\"><em>News<\/em><\/span>&#8220; Ihren Wunschtermin nachsehen oder bei Ihrer telefonischen Reservierung erfragen.<\/strong><\/p><p><span style=\"color: #ff0000;\">Wir empfehlen Ihnen jeden Besuch bei uns (gerne auch kurzfristig) telefonisch vorzureservieren!<\/span><\/p>\t\t\t\t\t\t\t\t<\/div>\n\t\t\t\t<\/div>\n\t\t\t\t<div class=\"elementor-element elementor-element-0a3ef99 elementor-widget elementor-widget-text-editor\" data-id=\"0a3ef99\" data-element_type=\"widget\" data-e-type=\"widget\" data-widget_type=\"text-editor.default\">\n\t\t\t\t<div class=\"elementor-widget-container\">\n\t\t\t\t\t\t\t\t\t<table class=\"tg\"><tbody><tr><th><strong>Monday for house guests or with reservation<\/strong><\/th><th><strong>18:00 - 22:00<\/strong><\/th><th><strong>Cuisine until 20:00<\/strong><\/th><\/tr><tr><td class=\"tg-pc50\"><strong>Tuesday<\/strong><\/td><td class=\"tg-pc50\"><strong>18:00 - 22:00<\/strong><\/td><td class=\"tg-pc50\"><strong>Cuisine until 20:00<\/strong><\/td><\/tr><tr><td class=\"tg-pc50\"><strong>Wednesday<\/strong><\/td><td class=\"tg-pc50\"><strong>11:30 \u2013 22:00<br \/><\/strong><\/td><td class=\"tg-pc50\"><strong>K\u00fcche\u00a0 11:30 &#8211; 14.00 Uhr und 17:30 &#8211; 21:00 Uhr<\/strong><\/td><\/tr><tr><td class=\"tg-pc50\"><strong>Thursday<\/strong><\/td><td class=\"tg-pc50\"><strong>ganzt\u00e4gig geschlossen<\/strong><\/td><td class=\"tg-pc50\">\u00a0<\/td><\/tr><tr><td class=\"tg-031e\"><strong>Friday<\/strong><\/td><td class=\"tg-031e\"><strong>17:00 - 24:00<\/strong><\/td><td class=\"tg-031e\"><strong>K\u00fcche bis von 17:30 bis 21:00 Uhr<\/strong><\/td><\/tr><tr><td class=\"tg-031e\"><strong>Saturday open all day<\/strong><\/td><td class=\"tg-031e\"><strong>11:30 \u2013 24:00<\/strong><\/td><td class=\"tg-031e\"><strong>Kitchen 11:30 - 14:00 and 17:00 - 21:00<\/strong><\/td><\/tr><tr><td class=\"tg-031e\"><strong>Sunday open all day<br \/><\/strong><\/td><td class=\"tg-031e\"><strong>11:30 \u2013 22:00<\/strong><\/td><td class=\"tg-031e\"><strong>K\u00fcche\u00a0 11:30 &#8211; 14.00 Uhr und 17:15 &#8211; 20:00 Uhr<\/strong><\/td><\/tr><\/tbody><\/table>\t\t\t\t\t\t\t\t<\/div>\n\t\t\t\t<\/div>\n\t\t\t\t\t<\/div>\n\t\t<\/div>\n\t\t\t\t\t<\/div>\n\t\t<\/section>\n\t\t\t\t\t<\/div>\n\t\t<\/div>\n\t\t\t\t\t<\/div>\n\t\t<\/section>\n\t\t\t\t<\/div>","protected":false},"excerpt":{"rendered":"<p>\u00d6ffnungszeiten Unsere regul\u00e4ren \u00d6ffnungszeiten im Restaurant: HINWEIS: Unsere \u00d6ffnungszeiten k\u00f6nnen aufgrund von Feiertagen, Urlauben oder Schlie\u00dftagen abweichen. Bitte hierzu gerne unter &#8222;Aktuelles&#8220; Ihren Wunschtermin nachsehen oder bei Ihrer telefonischen Reservierung erfragen. Wir empfehlen Ihnen jeden Besuch bei uns (gerne auch kurzfristig) telefonisch vorzureservieren! Montag f\u00fcr Hausg\u00e4ste oder mit Reservierung 18:00 &#8211; 22:00 Uhr K\u00fcche bis [&hellip;]<\/p>\n","protected":false},"author":1,"featured_media":0,"parent":0,"menu_order":0,"comment_status":"closed","ping_status":"closed","template":"elementor_header_footer","meta":{"footnotes":""},"class_list":["post-2216","page","type-page","status-publish","hentry"],"yoast_head":"<!-- This site is optimized with the Yoast SEO plugin v27.4 - https:\/\/yoast.com\/product\/yoast-seo-wordpress\/ -->\n<title>\u00d6ffnungszeiten - Landgasthof Weisses Lamm<\/title>\n<meta name=\"robots\" content=\"index, follow, max-snippet:-1, max-image-preview:large, max-video-preview:-1\" \/>\n<link rel=\"canonical\" href=\"https:\/\/www.hotel-weisseslamm.de\/en\/oeffnungszeiten\/\" \/>\n<meta property=\"og:locale\" content=\"en_GB\" \/>\n<meta property=\"og:type\" content=\"article\" \/>\n<meta property=\"og:title\" content=\"\u00d6ffnungszeiten - Landgasthof Weisses Lamm\" \/>\n<meta property=\"og:description\" content=\"\u00d6ffnungszeiten Unsere regul\u00e4ren \u00d6ffnungszeiten im Restaurant: HINWEIS: Unsere \u00d6ffnungszeiten k\u00f6nnen aufgrund von Feiertagen, Urlauben oder Schlie\u00dftagen abweichen. Bitte hierzu gerne unter &#8222;Aktuelles&#8220; Ihren Wunschtermin nachsehen oder bei Ihrer telefonischen Reservierung erfragen. Wir empfehlen Ihnen jeden Besuch bei uns (gerne auch kurzfristig) telefonisch vorzureservieren! Montag f\u00fcr Hausg\u00e4ste oder mit Reservierung 18:00 &#8211; 22:00 Uhr K\u00fcche bis [&hellip;]\" \/>\n<meta property=\"og:url\" content=\"https:\/\/www.hotel-weisseslamm.de\/en\/oeffnungszeiten\/\" \/>\n<meta property=\"og:site_name\" content=\"Landgasthof Weisses Lamm\" \/>\n<meta property=\"article:modified_time\" content=\"2026-01-08T10:50:45+00:00\" \/>\n<meta name=\"twitter:card\" content=\"summary_large_image\" \/>\n<meta name=\"twitter:label1\" content=\"Estimated reading time\" \/>\n\t<meta name=\"twitter:data1\" content=\"1 minute\" \/>\n<script type=\"application\/ld+json\" class=\"yoast-schema-graph\">{\"@context\":\"https:\\\/\\\/schema.org\",\"@graph\":[{\"@type\":\"WebPage\",\"@id\":\"https:\\\/\\\/www.hotel-weisseslamm.de\\\/oeffnungszeiten\\\/\",\"url\":\"https:\\\/\\\/www.hotel-weisseslamm.de\\\/oeffnungszeiten\\\/\",\"name\":\"\u00d6ffnungszeiten - Landgasthof Weisses Lamm\",\"isPartOf\":{\"@id\":\"https:\\\/\\\/www.hotel-weisseslamm.de\\\/#website\"},\"datePublished\":\"2023-01-30T15:51:21+00:00\",\"dateModified\":\"2026-01-08T10:50:45+00:00\",\"breadcrumb\":{\"@id\":\"https:\\\/\\\/www.hotel-weisseslamm.de\\\/oeffnungszeiten\\\/#breadcrumb\"},\"inLanguage\":\"en-GB\",\"potentialAction\":[{\"@type\":\"ReadAction\",\"target\":[\"https:\\\/\\\/www.hotel-weisseslamm.de\\\/oeffnungszeiten\\\/\"]}]},{\"@type\":\"BreadcrumbList\",\"@id\":\"https:\\\/\\\/www.hotel-weisseslamm.de\\\/oeffnungszeiten\\\/#breadcrumb\",\"itemListElement\":[{\"@type\":\"ListItem\",\"position\":1,\"name\":\"Startseite\",\"item\":\"https:\\\/\\\/www.hotel-weisseslamm.de\\\/\"},{\"@type\":\"ListItem\",\"position\":2,\"name\":\"\u00d6ffnungszeiten\"}]},{\"@type\":\"WebSite\",\"@id\":\"https:\\\/\\\/www.hotel-weisseslamm.de\\\/#website\",\"url\":\"https:\\\/\\\/www.hotel-weisseslamm.de\\\/\",\"name\":\"Landgasthof Weisses Lamm\",\"description\":\"Fr\u00e4nkischer Landgasthof mit Tradition im Nuernberger Land\",\"publisher\":{\"@id\":\"https:\\\/\\\/www.hotel-weisseslamm.de\\\/#organization\"},\"potentialAction\":[{\"@type\":\"SearchAction\",\"target\":{\"@type\":\"EntryPoint\",\"urlTemplate\":\"https:\\\/\\\/www.hotel-weisseslamm.de\\\/?s={search_term_string}\"},\"query-input\":{\"@type\":\"PropertyValueSpecification\",\"valueRequired\":true,\"valueName\":\"search_term_string\"}}],\"inLanguage\":\"en-GB\"},{\"@type\":\"Organization\",\"@id\":\"https:\\\/\\\/www.hotel-weisseslamm.de\\\/#organization\",\"name\":\"Landgasthof Weisses Lamm\",\"url\":\"https:\\\/\\\/www.hotel-weisseslamm.de\\\/\",\"logo\":{\"@type\":\"ImageObject\",\"inLanguage\":\"en-GB\",\"@id\":\"https:\\\/\\\/www.hotel-weisseslamm.de\\\/#\\\/schema\\\/logo\\\/image\\\/\",\"url\":\"https:\\\/\\\/www.hotel-weisseslamm.de\\\/wp-content\\\/uploads\\\/2022\\\/09\\\/site-logo3.png\",\"contentUrl\":\"https:\\\/\\\/www.hotel-weisseslamm.de\\\/wp-content\\\/uploads\\\/2022\\\/09\\\/site-logo3.png\",\"width\":895,\"height\":186,\"caption\":\"Landgasthof Weisses Lamm\"},\"image\":{\"@id\":\"https:\\\/\\\/www.hotel-weisseslamm.de\\\/#\\\/schema\\\/logo\\\/image\\\/\"}}]}<\/script>\n<!-- \/ Yoast SEO plugin. -->","yoast_head_json":{"title":"\u00d6ffnungszeiten - Landgasthof Weisses Lamm","robots":{"index":"index","follow":"follow","max-snippet":"max-snippet:-1","max-image-preview":"max-image-preview:large","max-video-preview":"max-video-preview:-1"},"canonical":"https:\/\/www.hotel-weisseslamm.de\/en\/oeffnungszeiten\/","og_locale":"en_GB","og_type":"article","og_title":"\u00d6ffnungszeiten - Landgasthof Weisses Lamm","og_description":"\u00d6ffnungszeiten Unsere regul\u00e4ren \u00d6ffnungszeiten im Restaurant: HINWEIS: Unsere \u00d6ffnungszeiten k\u00f6nnen aufgrund von Feiertagen, Urlauben oder Schlie\u00dftagen abweichen. Bitte hierzu gerne unter &#8222;Aktuelles&#8220; Ihren Wunschtermin nachsehen oder bei Ihrer telefonischen Reservierung erfragen. Wir empfehlen Ihnen jeden Besuch bei uns (gerne auch kurzfristig) telefonisch vorzureservieren! Montag f\u00fcr Hausg\u00e4ste oder mit Reservierung 18:00 &#8211; 22:00 Uhr K\u00fcche bis [&hellip;]","og_url":"https:\/\/www.hotel-weisseslamm.de\/en\/oeffnungszeiten\/","og_site_name":"Landgasthof Weisses Lamm","article_modified_time":"2026-01-08T10:50:45+00:00","twitter_card":"summary_large_image","twitter_misc":{"Estimated reading time":"1 minute"},"schema":{"@context":"https:\/\/schema.org","@graph":[{"@type":"WebPage","@id":"https:\/\/www.hotel-weisseslamm.de\/oeffnungszeiten\/","url":"https:\/\/www.hotel-weisseslamm.de\/oeffnungszeiten\/","name":"\u00d6ffnungszeiten - Landgasthof Weisses Lamm","isPartOf":{"@id":"https:\/\/www.hotel-weisseslamm.de\/#website"},"datePublished":"2023-01-30T15:51:21+00:00","dateModified":"2026-01-08T10:50:45+00:00","breadcrumb":{"@id":"https:\/\/www.hotel-weisseslamm.de\/oeffnungszeiten\/#breadcrumb"},"inLanguage":"en-GB","potentialAction":[{"@type":"ReadAction","target":["https:\/\/www.hotel-weisseslamm.de\/oeffnungszeiten\/"]}]},{"@type":"BreadcrumbList","@id":"https:\/\/www.hotel-weisseslamm.de\/oeffnungszeiten\/#breadcrumb","itemListElement":[{"@type":"ListItem","position":1,"name":"Startseite","item":"https:\/\/www.hotel-weisseslamm.de\/"},{"@type":"ListItem","position":2,"name":"\u00d6ffnungszeiten"}]},{"@type":"WebSite","@id":"https:\/\/www.hotel-weisseslamm.de\/#website","url":"https:\/\/www.hotel-weisseslamm.de\/","name":"Landgasthof Weisses Lamm","description":"Fr\u00e4nkischer Landgasthof mit Tradition im Nuernberger Land","publisher":{"@id":"https:\/\/www.hotel-weisseslamm.de\/#organization"},"potentialAction":[{"@type":"SearchAction","target":{"@type":"EntryPoint","urlTemplate":"https:\/\/www.hotel-weisseslamm.de\/?s={search_term_string}"},"query-input":{"@type":"PropertyValueSpecification","valueRequired":true,"valueName":"search_term_string"}}],"inLanguage":"en-GB"},{"@type":"Organization","@id":"https:\/\/www.hotel-weisseslamm.de\/#organization","name":"Landgasthof Weisses Lamm","url":"https:\/\/www.hotel-weisseslamm.de\/","logo":{"@type":"ImageObject","inLanguage":"en-GB","@id":"https:\/\/www.hotel-weisseslamm.de\/#\/schema\/logo\/image\/","url":"https:\/\/www.hotel-weisseslamm.de\/wp-content\/uploads\/2022\/09\/site-logo3.png","contentUrl":"https:\/\/www.hotel-weisseslamm.de\/wp-content\/uploads\/2022\/09\/site-logo3.png","width":895,"height":186,"caption":"Landgasthof Weisses Lamm"},"image":{"@id":"https:\/\/www.hotel-weisseslamm.de\/#\/schema\/logo\/image\/"}}]}},"_links":{"self":[{"href":"https:\/\/www.hotel-weisseslamm.de\/en\/wp-json\/wp\/v2\/pages\/2216","targetHints":{"allow":["GET"]}}],"collection":[{"href":"https:\/\/www.hotel-weisseslamm.de\/en\/wp-json\/wp\/v2\/pages"}],"about":[{"href":"https:\/\/www.hotel-weisseslamm.de\/en\/wp-json\/wp\/v2\/types\/page"}],"author":[{"embeddable":true,"href":"https:\/\/www.hotel-weisseslamm.de\/en\/wp-json\/wp\/v2\/users\/1"}],"replies":[{"embeddable":true,"href":"https:\/\/www.hotel-weisseslamm.de\/en\/wp-json\/wp\/v2\/comments?post=2216"}],"version-history":[{"count":46,"href":"https:\/\/www.hotel-weisseslamm.de\/en\/wp-json\/wp\/v2\/pages\/2216\/revisions"}],"predecessor-version":[{"id":5046,"href":"https:\/\/www.hotel-weisseslamm.de\/en\/wp-json\/wp\/v2\/pages\/2216\/revisions\/5046"}],"wp:attachment":[{"href":"https:\/\/www.hotel-weisseslamm.de\/en\/wp-json\/wp\/v2\/media?parent=2216"}],"curies":[{"name":"wp","href":"https:\/\/api.w.org\/{rel}","templated":true}]}}